{"id":90,"date":"2025-04-13T08:22:07","date_gmt":"2025-04-13T06:22:07","guid":{"rendered":"https:\/\/teatrumpizzabar.hu\/?page_id=90"},"modified":"2025-04-13T11:33:28","modified_gmt":"2025-04-13T09:33:28","slug":"impresszum","status":"publish","type":"page","link":"https:\/\/teatrumpizzabar.hu\/?page_id=90","title":{"rendered":"Impresszum"},"content":{"rendered":"\t\t<div data-elementor-type=\"wp-page\" data-elementor-id=\"90\" class=\"elementor elementor-90\" data-elementor-post-type=\"page\">\n\t\t\t\t<div class=\"elementor-element elementor-element-5fd5f57 e-flex e-con-boxed e-con e-parent\" data-id=\"5fd5f57\" data-element_type=\"container\">\n\t\t\t\t\t<div class=\"e-con-inner\">\n\t\t\t\t<div class=\"elementor-element elementor-element-10246dd elementor-widget elementor-widget-text-editor\" data-id=\"10246dd\" data-element_type=\"widget\" data-widget_type=\"text-editor.default\">\n\t\t\t\t<div class=\"elementor-widget-container\">\n\t\t\t\t\t\t\t\t\t<div><h1><small><span class=\"nev\">TE\u00c1TRUM-CAFE Vend\u00e9gl\u00e1t\u00f3ipari Korl\u00e1tolt Felel\u0151ss\u00e9g\u0171 T\u00e1rsas\u00e1g<\/span><\/small><\/h1><\/div><div>\u00a0<\/div><p><strong>C\u00e9gjegyz\u00e9ksz\u00e1m<\/strong><br \/>13-09-097044<\/p><p><strong>Ad\u00f3sz\u00e1m<\/strong><br \/>13169378-2-13<\/p><p><strong>Sz\u00e9khely<\/strong><br \/><span class=\"szekhely\">2000 Szentendre, Bogd\u00e1nyi \u00fat 35.<\/span>\u00a0<\/p><p>\u00a0<\/p><p>\u00a0<\/p><p><strong>T\u00e1rhely\u00a0<\/strong><strong>\u00dczemeltet\u0151<\/strong>:<\/p><div class=\"row mt-2\" data-trid=\"230\"><p class=\"col font-weight-bold text-dark\" data-trid=\"232\">Rackhost Zrt.<\/p><\/div><div class=\"row\" data-trid=\"233\"><p class=\"col-12 col-lg-6 font-weight-light mb-1\" data-trid=\"234\"><strong>C\u00edm:<\/strong><\/p><p class=\"col font-weight-bold text-dark\" data-trid=\"235\">6722 Szeged, Tisza Lajos k\u00f6r\u00fat 41.<\/p><\/div><div class=\"row\" data-trid=\"236\"><p class=\"col-12 col-lg-6 font-weight-light mb-1\" data-trid=\"237\"><strong>Ad\u00f3sz\u00e1m:<\/strong><\/p><p class=\"col font-weight-bold text-dark\" data-trid=\"238\">25333572-2-06<\/p><\/div><div class=\"row\" data-trid=\"239\"><p class=\"col-12 col-lg-6 font-weight-light mb-1\" data-trid=\"240\"><strong>C\u00e9gjegyz\u00e9ksz\u00e1m:<\/strong><\/p><p class=\"col font-weight-bold text-dark\" data-trid=\"241\">06-10-000489<\/p><\/div>\t\t\t\t\t\t\t\t<\/div>\n\t\t\t\t<\/div>\n\t\t\t\t\t<\/div>\n\t\t\t\t<\/div>\n\t\t\t\t<\/div>\n\t\t","protected":false},"excerpt":{"rendered":"<p>TE\u00c1TRUM-CAFE Vend\u00e9gl\u00e1t\u00f3ipari Korl\u00e1tolt Felel\u0151ss\u00e9g\u0171 T\u00e1rsas\u00e1g \u00a0 C\u00e9gjegyz\u00e9ksz\u00e1m13-09-097044 Ad\u00f3sz\u00e1m13169378-2-13 Sz\u00e9khely2000 Szentendre, Bogd\u00e1nyi \u00fat 35.\u00a0 \u00a0 \u00a0 T\u00e1rhely\u00a0\u00dczemeltet\u0151: Rackhost Zrt. C\u00edm: 6722 Szeged, Tisza Lajos k\u00f6r\u00fat 41. Ad\u00f3sz\u00e1m: 25333572-2-06 C\u00e9gjegyz\u00e9ksz\u00e1m: 06-10-000489<\/p>\n","protected":false},"author":1,"featured_media":0,"parent":0,"menu_order":0,"comment_status":"closed","ping_status":"closed","template":"elementor_header_footer","meta":{"footnotes":""},"class_list":["post-90","page","type-page","status-publish"],"_links":{"self":[{"href":"https:\/\/teatrumpizzabar.hu\/index.php?rest_route=\/wp\/v2\/pages\/90","targetHints":{"allow":["GET"]}}],"collection":[{"href":"https:\/\/teatrumpizzabar.hu\/index.php?rest_route=\/wp\/v2\/pages"}],"about":[{"href":"https:\/\/teatrumpizzabar.hu\/index.php?rest_route=\/wp\/v2\/types\/page"}],"author":[{"embeddable":true,"href":"https:\/\/teatrumpizzabar.hu\/index.php?rest_route=\/wp\/v2\/users\/1"}],"replies":[{"embeddable":true,"href":"https:\/\/teatrumpizzabar.hu\/index.php?rest_route=%2Fwp%2Fv2%2Fcomments&post=90"}],"version-history":[{"count":4,"href":"https:\/\/teatrumpizzabar.hu\/index.php?rest_route=\/wp\/v2\/pages\/90\/revisions"}],"predecessor-version":[{"id":195,"href":"https:\/\/teatrumpizzabar.hu\/index.php?rest_route=\/wp\/v2\/pages\/90\/revisions\/195"}],"wp:attachment":[{"href":"https:\/\/teatrumpizzabar.hu\/index.php?rest_route=%2Fwp%2Fv2%2Fmedia&parent=90"}],"curies":[{"name":"wp","href":"https:\/\/api.w.org\/{rel}","templated":true}]}}