{"id":34,"date":"2025-04-13T07:38:16","date_gmt":"2025-04-13T05:38:16","guid":{"rendered":"https:\/\/teatrumpizzabar.hu\/?page_id=34"},"modified":"2025-09-24T09:56:33","modified_gmt":"2025-09-24T07:56:33","slug":"fooldal","status":"publish","type":"page","link":"https:\/\/teatrumpizzabar.hu\/","title":{"rendered":"F\u0151oldal"},"content":{"rendered":"\t\t<div data-elementor-type=\"wp-page\" data-elementor-id=\"34\" class=\"elementor elementor-34\" data-elementor-post-type=\"page\">\n\t\t\t\t<div class=\"elementor-element elementor-element-3a65df64 e-con-full e-flex e-con e-parent\" data-id=\"3a65df64\" data-element_type=\"container\" data-settings=\"{&quot;background_background&quot;:&quot;classic&quot;}\">\n\t\t\t\t<div class=\"elementor-element elementor-element-5b63df48 animated-slow elementor-invisible elementor-widget elementor-widget-heading\" data-id=\"5b63df48\" data-element_type=\"widget\" data-settings=\"{&quot;_animation&quot;:&quot;slideInUp&quot;}\" data-widget_type=\"heading.default\">\n\t\t\t\t<div class=\"elementor-widget-container\">\n\t\t\t\t\t<h2 class=\"elementor-heading-title elementor-size-default\">Tradicion\u00e1lis olasz \u00e9tterem Szentendr\u00e9n.<\/h2>\t\t\t\t<\/div>\n\t\t\t\t<\/div>\n\t\t\t\t<div class=\"elementor-element elementor-element-1ecc9f21 animated-slow elementor-invisible elementor-widget elementor-widget-heading\" data-id=\"1ecc9f21\" data-element_type=\"widget\" data-settings=\"{&quot;_animation&quot;:&quot;slideInUp&quot;}\" data-widget_type=\"heading.default\">\n\t\t\t\t<div class=\"elementor-widget-container\">\n\t\t\t\t\t<h2 class=\"elementor-heading-title elementor-size-default\">Te\u00e1trum Pizzab\u00e1r<\/h2>\t\t\t\t<\/div>\n\t\t\t\t<\/div>\n\t\t\t\t<div class=\"elementor-element elementor-element-b0d6d44 elementor-invisible elementor-widget elementor-widget-button\" data-id=\"b0d6d44\" data-element_type=\"widget\" data-settings=\"{&quot;_animation&quot;:&quot;bounceIn&quot;}\" data-widget_type=\"button.default\">\n\t\t\t\t<div class=\"elementor-widget-container\">\n\t\t\t\t\t\t\t\t\t<div class=\"elementor-button-wrapper\">\n\t\t\t\t\t<a class=\"elementor-button elementor-button-link elementor-size-sm\" href=\"https:\/\/teatrumpizzabar.order.app.hd.digital\/menus\">\n\t\t\t\t\t\t<span class=\"elementor-button-content-wrapper\">\n\t\t\t\t\t\t\t\t\t<span class=\"elementor-button-text\">Online \u00e9tel rendel\u00e9s<\/span>\n\t\t\t\t\t<\/span>\n\t\t\t\t\t<\/a>\n\t\t\t\t<\/div>\n\t\t\t\t\t\t\t\t<\/div>\n\t\t\t\t<\/div>\n\t\t\t\t<\/div>\n\t\t<div class=\"elementor-element elementor-element-29df42c3 e-flex e-con-boxed e-con e-parent\" data-id=\"29df42c3\" data-element_type=\"container\" data-settings=\"{&quot;background_background&quot;:&quot;classic&quot;}\">\n\t\t\t\t\t<div class=\"e-con-inner\">\n\t\t\t\t<div class=\"elementor-element elementor-element-5705aeee elementor-widget__width-initial elementor-widget-mobile__width-initial elementor-widget elementor-widget-image-box\" data-id=\"5705aeee\" data-element_type=\"widget\" data-widget_type=\"image-box.default\">\n\t\t\t\t<div class=\"elementor-widget-container\">\n\t\t\t\t\t<div class=\"elementor-image-box-wrapper\"><div class=\"elementor-image-box-content\"><h3 class=\"elementor-image-box-title\">r\u00f3lunk<\/h3><p class=\"elementor-image-box-description\">Szentendre sz\u00edv\u00e9ben v\u00e1runk egy tradicion\u00e1lis olasz \u00e9tteremben, ahol az autentikus \u00edzek mellett a bar\u00e1ts\u00e1gos hangulat is garant\u00e1lt. N\u00e1lunk minden koroszt\u00e1ly otthon \u00e9rezheti mag\u00e1t \u2013 legyen sz\u00f3 csal\u00e1di eb\u00e9dr\u0151l vagy egy kellemes vacsor\u00e1r\u00f3l a bar\u00e1tokkal. \u00c9tterm\u00fcnk gyerekbar\u00e1t, \u00e9s a n\u00e9gyl\u00e1b\u00fa vend\u00e9geket is szeretettel fogadjuk, hiszen sz\u00e1munkra a k\u00f6z\u00f6s \u00e9lm\u00e9nyek mindenki sz\u00e1m\u00e1ra fontosak \u2013 legyen az k\u00e9t- vagy n\u00e9gyl\u00e1b\u00fa.<\/p><\/div><\/div>\t\t\t\t<\/div>\n\t\t\t\t<\/div>\n\t\t\t\t<div class=\"elementor-element elementor-element-39c30fc elementor-widget__width-initial elementor-widget-mobile__width-initial elementor-widget elementor-widget-image-box\" data-id=\"39c30fc\" data-element_type=\"widget\" data-widget_type=\"image-box.default\">\n\t\t\t\t<div class=\"elementor-widget-container\">\n\t\t\t\t\t<div class=\"elementor-image-box-wrapper\"><div class=\"elementor-image-box-content\"><h3 class=\"elementor-image-box-title\">\u00cdzek<\/h3><p class=\"elementor-image-box-description\">Olaszorsz\u00e1g \u00edzei Szentendre sz\u00edv\u00e9ben \u2013 n\u00e1lunk minden falat egy gasztron\u00f3miai utaz\u00e1s! \u00c9tterm\u00fcnkben a hagyom\u00e1nyos olasz konyha esszenci\u00e1j\u00e1t \u00f6tv\u00f6zz\u00fck friss alapanyagokkal \u00e9s szenved\u00e9llyel k\u00e9sz\u00fclt fog\u00e1sokkal. Legyen sz\u00f3 ropog\u00f3s pizz\u00e1r\u00f3l, h\u00e1zi t\u00e9szt\u00e1kr\u00f3l vagy k\u00fcl\u00f6nleges antipastikr\u00f3l, minden \u00edzvil\u00e1g a naps\u00fct\u00f6tte It\u00e1lia hangulat\u00e1t id\u00e9zi. Foglalj asztalt, \u00e9s add \u00e1t magad az \u00e9lm\u00e9nynek \u2013 ahol az \u00edzek mes\u00e9lnek, a hangulat pedig mag\u00e1val ragad!<\/p><\/div><\/div>\t\t\t\t<\/div>\n\t\t\t\t<\/div>\n\t\t\t\t<div class=\"elementor-element elementor-element-21d5571 elementor-widget__width-initial elementor-widget-mobile__width-initial elementor-widget elementor-widget-image-box\" data-id=\"21d5571\" data-element_type=\"widget\" data-widget_type=\"image-box.default\">\n\t\t\t\t<div class=\"elementor-widget-container\">\n\t\t\t\t\t<div class=\"elementor-image-box-wrapper\"><div class=\"elementor-image-box-content\"><h3 class=\"elementor-image-box-title\">Fagylalt<\/h3><p class=\"elementor-image-box-description\">Fagylaltjainkat Fazekas \u00c1d\u00e1m, vil\u00e1gbajnok cukr\u00e1szmester \u00e1lmodja meg \u00e9s k\u00e9sz\u00edti el \u2013 szenved\u00e9llyel, tud\u00e1ssal \u00e9s kiv\u00e1l\u00f3 alapanyagokkal.\nMinden gomb\u00f3cban \u00e9rezni fogod a szak\u00e9rtelmet \u00e9s az igazi, k\u00e9zm\u0171ves min\u0151s\u00e9get.\nK\u00f3stold meg te is, milyen az, amikor egy vil\u00e1gbajnok mestere a fagyiknak!<\/p><\/div><\/div>\t\t\t\t<\/div>\n\t\t\t\t<\/div>\n\t\t\t\t\t<\/div>\n\t\t\t\t<\/div>\n\t\t<div class=\"elementor-element elementor-element-e59ec98 e-con-full e-flex e-con e-parent\" data-id=\"e59ec98\" data-element_type=\"container\" data-settings=\"{&quot;background_background&quot;:&quot;classic&quot;}\">\n\t\t<div class=\"elementor-element elementor-element-6b61aad1 e-con-full e-flex e-con e-child\" data-id=\"6b61aad1\" data-element_type=\"container\" data-settings=\"{&quot;background_background&quot;:&quot;classic&quot;}\">\n\t\t\t\t<\/div>\n\t\t<div class=\"elementor-element elementor-element-48a6f91f e-con-full e-flex e-con e-child\" data-id=\"48a6f91f\" data-element_type=\"container\" data-settings=\"{&quot;background_background&quot;:&quot;classic&quot;}\">\n\t\t\t\t<div class=\"elementor-element elementor-element-13e5e909 elementor-widget elementor-widget-heading\" data-id=\"13e5e909\" data-element_type=\"widget\" data-widget_type=\"heading.default\">\n\t\t\t\t<div class=\"elementor-widget-container\">\n\t\t\t\t\t<h2 class=\"elementor-heading-title elementor-size-default\">Felejthetetlen \u00edzek<\/h2>\t\t\t\t<\/div>\n\t\t\t\t<\/div>\n\t\t\t\t<div class=\"elementor-element elementor-element-52833077 elementor-widget elementor-widget-heading\" data-id=\"52833077\" data-element_type=\"widget\" data-widget_type=\"heading.default\">\n\t\t\t\t<div class=\"elementor-widget-container\">\n\t\t\t\t\t<h2 class=\"elementor-heading-title elementor-size-default\">Szentendre<br>Sz\u00edv\u00e9ben<\/h2>\t\t\t\t<\/div>\n\t\t\t\t<\/div>\n\t\t\t\t<div class=\"elementor-element elementor-element-2c6790ad elementor-widget elementor-widget-text-editor\" data-id=\"2c6790ad\" data-element_type=\"widget\" data-widget_type=\"text-editor.default\">\n\t\t\t\t<div class=\"elementor-widget-container\">\n\t\t\t\t\t\t\t\t\t<p>L\u00e1togason el hozz\u00e1nk \u00e9s kost\u00f3lja meg \u00d6n is!<\/p>\t\t\t\t\t\t\t\t<\/div>\n\t\t\t\t<\/div>\n\t\t\t\t<div class=\"elementor-element elementor-element-1918a2c1 elementor-align-center elementor-widget elementor-widget-button\" data-id=\"1918a2c1\" data-element_type=\"widget\" data-widget_type=\"button.default\">\n\t\t\t\t<div class=\"elementor-widget-container\">\n\t\t\t\t\t\t\t\t\t<div class=\"elementor-button-wrapper\">\n\t\t\t\t\t<a class=\"elementor-button elementor-button-link elementor-size-lg elementor-animation-grow\" href=\"#\">\n\t\t\t\t\t\t<span class=\"elementor-button-content-wrapper\">\n\t\t\t\t\t\t\t\t\t<span class=\"elementor-button-text\">\u00c9tlap<\/span>\n\t\t\t\t\t<\/span>\n\t\t\t\t\t<\/a>\n\t\t\t\t<\/div>\n\t\t\t\t\t\t\t\t<\/div>\n\t\t\t\t<\/div>\n\t\t\t\t<\/div>\n\t\t<div class=\"elementor-element elementor-element-a654745 e-con-full e-flex e-con e-child\" data-id=\"a654745\" data-element_type=\"container\" data-settings=\"{&quot;background_background&quot;:&quot;classic&quot;}\">\n\t\t\t\t<\/div>\n\t\t\t\t<\/div>\n\t\t<div class=\"elementor-element elementor-element-692831e3 e-flex e-con-boxed e-con e-parent\" data-id=\"692831e3\" data-element_type=\"container\" data-settings=\"{&quot;background_background&quot;:&quot;classic&quot;}\">\n\t\t\t\t\t<div class=\"e-con-inner\">\n\t\t<div class=\"elementor-element elementor-element-6200480b e-con-full e-flex e-con e-child\" data-id=\"6200480b\" data-element_type=\"container\">\n\t\t\t\t<div class=\"elementor-element elementor-element-41522bf9 animated-slow elementor-invisible elementor-widget elementor-widget-heading\" data-id=\"41522bf9\" data-element_type=\"widget\" data-settings=\"{&quot;_animation&quot;:&quot;slideInUp&quot;}\" data-widget_type=\"heading.default\">\n\t\t\t\t<div class=\"elementor-widget-container\">\n\t\t\t\t\t<h2 class=\"elementor-heading-title elementor-size-default\">Asztalfoglal\u00e1s \u00e9s H\u00e1zhozsz\u00e1ll\u00edt\u00e1s<\/h2>\t\t\t\t<\/div>\n\t\t\t\t<\/div>\n\t\t\t\t<div class=\"elementor-element elementor-element-1af2ca2b animated-slow elementor-invisible elementor-widget elementor-widget-heading\" data-id=\"1af2ca2b\" data-element_type=\"widget\" data-settings=\"{&quot;_animation&quot;:&quot;slideInUp&quot;}\" data-widget_type=\"heading.default\">\n\t\t\t\t<div class=\"elementor-widget-container\">\n\t\t\t\t\t<h2 class=\"elementor-heading-title elementor-size-default\">06-30-265-7657<\/h2>\t\t\t\t<\/div>\n\t\t\t\t<\/div>\n\t\t\t\t<div class=\"elementor-element elementor-element-b0435a4 elementor-align-left elementor-mobile-align-center elementor-widget elementor-widget-button\" data-id=\"b0435a4\" data-element_type=\"widget\" data-widget_type=\"button.default\">\n\t\t\t\t<div class=\"elementor-widget-container\">\n\t\t\t\t\t\t\t\t\t<div class=\"elementor-button-wrapper\">\n\t\t\t\t\t<a class=\"elementor-button elementor-button-link elementor-size-lg elementor-animation-grow\" href=\"#\">\n\t\t\t\t\t\t<span class=\"elementor-button-content-wrapper\">\n\t\t\t\t\t\t\t\t\t<span class=\"elementor-button-text\">Kapcsolat<\/span>\n\t\t\t\t\t<\/span>\n\t\t\t\t\t<\/a>\n\t\t\t\t<\/div>\n\t\t\t\t\t\t\t\t<\/div>\n\t\t\t\t<\/div>\n\t\t\t\t<\/div>\n\t\t\t\t<div class=\"elementor-element elementor-element-57f25530 elementor-widget elementor-widget-image\" data-id=\"57f25530\" data-element_type=\"widget\" data-widget_type=\"image.default\">\n\t\t\t\t<div class=\"elementor-widget-container\">\n\t\t\t\t\t\t\t\t\t\t\t\t\t\t\t<img fetchpriority=\"high\" decoding=\"async\" width=\"1024\" height=\"683\" src=\"https:\/\/teatrumpizzabar.hu\/wp-content\/uploads\/2025\/04\/481903884_936102292058857_8297399337079579494_n-1024x683.jpg\" class=\"attachment-large size-large wp-image-53\" alt=\"\" srcset=\"https:\/\/teatrumpizzabar.hu\/wp-content\/uploads\/2025\/04\/481903884_936102292058857_8297399337079579494_n-1024x683.jpg 1024w, https:\/\/teatrumpizzabar.hu\/wp-content\/uploads\/2025\/04\/481903884_936102292058857_8297399337079579494_n-300x200.jpg 300w, https:\/\/teatrumpizzabar.hu\/wp-content\/uploads\/2025\/04\/481903884_936102292058857_8297399337079579494_n-768x512.jpg 768w, https:\/\/teatrumpizzabar.hu\/wp-content\/uploads\/2025\/04\/481903884_936102292058857_8297399337079579494_n-1536x1024.jpg 1536w, https:\/\/teatrumpizzabar.hu\/wp-content\/uploads\/2025\/04\/481903884_936102292058857_8297399337079579494_n.jpg 2048w\" sizes=\"(max-width: 1024px) 100vw, 1024px\" \/>\t\t\t\t\t\t\t\t\t\t\t\t\t\t\t<\/div>\n\t\t\t\t<\/div>\n\t\t\t\t\t<\/div>\n\t\t\t\t<\/div>\n\t\t<div class=\"elementor-element elementor-element-7e556023 e-flex e-con-boxed e-con e-parent\" data-id=\"7e556023\" data-element_type=\"container\" data-settings=\"{&quot;background_background&quot;:&quot;classic&quot;}\">\n\t\t\t\t\t<div class=\"e-con-inner\">\n\t\t\t\t<div class=\"elementor-element elementor-element-75735e8f elementor-widget elementor-widget-testimonial\" data-id=\"75735e8f\" data-element_type=\"widget\" data-widget_type=\"testimonial.default\">\n\t\t\t\t<div class=\"elementor-widget-container\">\n\t\t\t\t\t\t\t<div class=\"elementor-testimonial-wrapper\">\n\t\t\t\t\t\t\t<div class=\"elementor-testimonial-content\">Vil\u00e1gbajnok<BR>\nfagylalt<\/div>\n\t\t\t\n\t\t\t\t\t\t<div class=\"elementor-testimonial-meta\">\n\t\t\t\t<div class=\"elementor-testimonial-meta-inner\">\n\t\t\t\t\t\n\t\t\t\t\t\t\t\t\t\t<div class=\"elementor-testimonial-details\">\n\t\t\t\t\t\t\t\t\t\t\t\t\t\t<div class=\"elementor-testimonial-name\">fazekas \u00c1d\u00e1m<\/div>\n\t\t\t\t\t\t\t\t\t\t\t\t\t\t\t\t\t\t\t\t\t\t<div class=\"elementor-testimonial-job\">Vil\u00e1gbajnok Cukr\u00e1szt\u00f3l<\/div>\n\t\t\t\t\t\t\t\t\t\t\t\t\t<\/div>\n\t\t\t\t\t\t\t\t\t<\/div>\n\t\t\t<\/div>\n\t\t\t\t\t<\/div>\n\t\t\t\t\t\t<\/div>\n\t\t\t\t<\/div>\n\t\t\t\t\t<\/div>\n\t\t\t\t<\/div>\n\t\t\t\t<\/div>\n\t\t","protected":false},"excerpt":{"rendered":"<p>Tradicion\u00e1lis olasz \u00e9tterem Szentendr\u00e9n. Te\u00e1trum Pizzab\u00e1r Online \u00e9tel rendel\u00e9s r\u00f3lunk Szentendre sz\u00edv\u00e9ben v\u00e1runk egy tradicion\u00e1lis olasz \u00e9tteremben, ahol az autentikus \u00edzek mellett a bar\u00e1ts\u00e1gos hangulat is garant\u00e1lt. N\u00e1lunk minden koroszt\u00e1ly otthon \u00e9rezheti mag\u00e1t \u2013 legyen sz\u00f3 csal\u00e1di eb\u00e9dr\u0151l vagy egy kellemes vacsor\u00e1r\u00f3l a bar\u00e1tokkal. \u00c9tterm\u00fcnk gyerekbar\u00e1t, \u00e9s a n\u00e9gyl\u00e1b\u00fa vend\u00e9geket is szeretettel fogadjuk, hiszen sz\u00e1munkra &#8230; <a title=\"F\u0151oldal\" class=\"read-more\" href=\"https:\/\/teatrumpizzabar.hu\/\" aria-label=\"Read more about F\u0151oldal\">Olvass tov\u00e1bb<\/a><\/p>\n","protected":false},"author":1,"featured_media":0,"parent":0,"menu_order":0,"comment_status":"closed","ping_status":"closed","template":"elementor_header_footer","meta":{"footnotes":""},"class_list":["post-34","page","type-page","status-publish"],"_links":{"self":[{"href":"https:\/\/teatrumpizzabar.hu\/index.php?rest_route=\/wp\/v2\/pages\/34","targetHints":{"allow":["GET"]}}],"collection":[{"href":"https:\/\/teatrumpizzabar.hu\/index.php?rest_route=\/wp\/v2\/pages"}],"about":[{"href":"https:\/\/teatrumpizzabar.hu\/index.php?rest_route=\/wp\/v2\/types\/page"}],"author":[{"embeddable":true,"href":"https:\/\/teatrumpizzabar.hu\/index.php?rest_route=\/wp\/v2\/users\/1"}],"replies":[{"embeddable":true,"href":"https:\/\/teatrumpizzabar.hu\/index.php?rest_route=%2Fwp%2Fv2%2Fcomments&post=34"}],"version-history":[{"count":97,"href":"https:\/\/teatrumpizzabar.hu\/index.php?rest_route=\/wp\/v2\/pages\/34\/revisions"}],"predecessor-version":[{"id":319,"href":"https:\/\/teatrumpizzabar.hu\/index.php?rest_route=\/wp\/v2\/pages\/34\/revisions\/319"}],"wp:attachment":[{"href":"https:\/\/teatrumpizzabar.hu\/index.php?rest_route=%2Fwp%2Fv2%2Fmedia&parent=34"}],"curies":[{"name":"wp","href":"https:\/\/api.w.org\/{rel}","templated":true}]}}