{"id":15,"date":"2025-04-12T21:13:28","date_gmt":"2025-04-12T19:13:28","guid":{"rendered":"https:\/\/teatrumpizzabar.hu\/?page_id=15"},"modified":"2025-04-17T10:43:15","modified_gmt":"2025-04-17T08:43:15","slug":"hazhozszallitas","status":"publish","type":"page","link":"https:\/\/teatrumpizzabar.hu\/?page_id=15","title":{"rendered":"H\u00e1zhozsz\u00e1ll\u00edt\u00e1s"},"content":{"rendered":"\t\t<div data-elementor-type=\"wp-page\" data-elementor-id=\"15\" class=\"elementor elementor-15\" data-elementor-post-type=\"page\">\n\t\t\t\t<div class=\"elementor-element elementor-element-3022653e e-con-full e-flex e-con e-parent\" data-id=\"3022653e\" data-element_type=\"container\" data-settings=\"{&quot;background_background&quot;:&quot;classic&quot;}\">\n\t\t\t\t<div class=\"elementor-element elementor-element-4c4505d4 elementor-widget elementor-widget-heading\" data-id=\"4c4505d4\" data-element_type=\"widget\" data-widget_type=\"heading.default\">\n\t\t\t\t<div class=\"elementor-widget-container\">\n\t\t\t\t\t<h2 class=\"elementor-heading-title elementor-size-default\">H\u00e1zhozsz\u00e1ll\u00edt\u00e1s<\/h2>\t\t\t\t<\/div>\n\t\t\t\t<\/div>\n\t\t\t\t<div class=\"elementor-element elementor-element-5caa76d0 elementor-widget elementor-widget-heading\" data-id=\"5caa76d0\" data-element_type=\"widget\" data-widget_type=\"heading.default\">\n\t\t\t\t<div class=\"elementor-widget-container\">\n\t\t\t\t\t<h2 class=\"elementor-heading-title elementor-size-default\">06-30-265-7657<\/h2>\t\t\t\t<\/div>\n\t\t\t\t<\/div>\n\t\t\t\t<div class=\"elementor-element elementor-element-4e72e3db elementor-align-center elementor-widget elementor-widget-button\" data-id=\"4e72e3db\" data-element_type=\"widget\" data-widget_type=\"button.default\">\n\t\t\t\t<div class=\"elementor-widget-container\">\n\t\t\t\t\t\t\t\t\t<div class=\"elementor-button-wrapper\">\n\t\t\t\t\t<a class=\"elementor-button elementor-button-link elementor-size-lg elementor-animation-grow\" href=\"https:\/\/teatrumpizzabar.hu\/?page_id=11\">\n\t\t\t\t\t\t<span class=\"elementor-button-content-wrapper\">\n\t\t\t\t\t\t\t\t\t<span class=\"elementor-button-text\">\u00c9tlap<\/span>\n\t\t\t\t\t<\/span>\n\t\t\t\t\t<\/a>\n\t\t\t\t<\/div>\n\t\t\t\t\t\t\t\t<\/div>\n\t\t\t\t<\/div>\n\t\t\t\t<\/div>\n\t\t\t\t<\/div>\n\t\t","protected":false},"excerpt":{"rendered":"<p>H\u00e1zhozsz\u00e1ll\u00edt\u00e1s 06-30-265-7657 \u00c9tlap<\/p>\n","protected":false},"author":1,"featured_media":0,"parent":0,"menu_order":0,"comment_status":"closed","ping_status":"closed","template":"elementor_header_footer","meta":{"footnotes":""},"class_list":["post-15","page","type-page","status-publish"],"_links":{"self":[{"href":"https:\/\/teatrumpizzabar.hu\/index.php?rest_route=\/wp\/v2\/pages\/15","targetHints":{"allow":["GET"]}}],"collection":[{"href":"https:\/\/teatrumpizzabar.hu\/index.php?rest_route=\/wp\/v2\/pages"}],"about":[{"href":"https:\/\/teatrumpizzabar.hu\/index.php?rest_route=\/wp\/v2\/types\/page"}],"author":[{"embeddable":true,"href":"https:\/\/teatrumpizzabar.hu\/index.php?rest_route=\/wp\/v2\/users\/1"}],"replies":[{"embeddable":true,"href":"https:\/\/teatrumpizzabar.hu\/index.php?rest_route=%2Fwp%2Fv2%2Fcomments&post=15"}],"version-history":[{"count":16,"href":"https:\/\/teatrumpizzabar.hu\/index.php?rest_route=\/wp\/v2\/pages\/15\/revisions"}],"predecessor-version":[{"id":299,"href":"https:\/\/teatrumpizzabar.hu\/index.php?rest_route=\/wp\/v2\/pages\/15\/revisions\/299"}],"wp:attachment":[{"href":"https:\/\/teatrumpizzabar.hu\/index.php?rest_route=%2Fwp%2Fv2%2Fmedia&parent=15"}],"curies":[{"name":"wp","href":"https:\/\/api.w.org\/{rel}","templated":true}]}}